{"id":1076,"date":"2017-04-09T07:02:46","date_gmt":"2017-04-09T07:02:46","guid":{"rendered":"http:\/\/www.gomig-metall.at\/?page_id=1076"},"modified":"2017-04-26T21:53:13","modified_gmt":"2017-04-26T21:53:13","slug":"ueber-uns-2","status":"publish","type":"page","link":"http:\/\/www.gomig-metall.at\/?page_id=1076","title":{"rendered":"\u00dcBER UNS"},"content":{"rendered":"<h2 style=\"text-align: center;\">&nbsp;<img decoding=\"async\" loading=\"lazy\" width=\"150\" height=\"150\" class=\"size-thumbnail wp-image-559 alignright\" alt=\"\" src=\"http:\/\/www.gomig-metall.at\/wp-content\/uploads\/2011\/09\/gomig-metall-150x150.jpg\" srcset=\"http:\/\/www.gomig-metall.at\/wp-content\/uploads\/2011\/09\/gomig-metall-150x150.jpg 150w, http:\/\/www.gomig-metall.at\/wp-content\/uploads\/2011\/09\/gomig-metall-96x96.jpg 96w, http:\/\/www.gomig-metall.at\/wp-content\/uploads\/2011\/09\/gomig-metall-24x24.jpg 24w, http:\/\/www.gomig-metall.at\/wp-content\/uploads\/2011\/09\/gomig-metall-36x36.jpg 36w, http:\/\/www.gomig-metall.at\/wp-content\/uploads\/2011\/09\/gomig-metall-48x48.jpg 48w, http:\/\/www.gomig-metall.at\/wp-content\/uploads\/2011\/09\/gomig-metall-64x64.jpg 64w, http:\/\/www.gomig-metall.at\/wp-content\/uploads\/2011\/09\/gomig-metall.jpg 283w\" sizes=\"(max-width: 150px) 100vw, 150px\" \/><\/h2>\n<h2 style=\"text-align: center;\">&nbsp;<\/h2>\n<h2 style=\"text-align: center;\">Wir freuen uns Sie auf unserer Internetseite begr\u00fc\u00dfen zu d\u00fcrfen!<\/h2>\n<p>&nbsp;<\/p>\n<p>&nbsp;<\/p>\n<p><img decoding=\"async\" loading=\"lazy\" width=\"385\" height=\"461\" class=\"alignleft wp-image-1404\" alt=\"\" src=\"http:\/\/www.gomig-metall.at\/wp-content\/uploads\/2017\/04\/ich2.jpg\" srcset=\"http:\/\/www.gomig-metall.at\/wp-content\/uploads\/2017\/04\/ich2.jpg 450w, http:\/\/www.gomig-metall.at\/wp-content\/uploads\/2017\/04\/ich2-250x300.jpg 250w\" sizes=\"(max-width: 385px) 100vw, 385px\" \/>Nach jahrelanger T\u00e4tigkeit in der Edelstahlverarbeitung und Rohrleitungsbau&nbsp;im Pharmabereich und&nbsp;Abschluss der Meisterpr\u00fcfung habe ich mich 2011&nbsp;mit der Firma Gomig Metalltechnik in Lienz\/Osttirol selbstst\u00e4ndig gemacht.<\/p>\n<p>&nbsp;<\/p>\n<p>Wir sind spezialisiert auf Edelstahlverarbeitung, Rohrleitungsbau und&nbsp;Rohrbiegeservice:&nbsp;<\/p>\n<p>Das Know-how auf diesen Gebieten, laufende Weiterbildung und der Einsatz modernster Maschinen machen uns zum kompetenten Partner f\u00fcr Privat und Gewerbe.<\/p>\n<p>&nbsp;<\/p>\n<p>Haben sie Fragen zu unserem Angebot? Sie erreichen uns telefonisch unter <strong>0664\/1964417<\/strong> oder per Mail an <strong>office@gomig-metall.at<\/strong><\/p>\n<p>Wir freuen uns auf ihre Anfrage!<\/p>\n<p><strong>&nbsp;<\/strong><\/p>\n<p>&nbsp;<\/p>\n<p><b>Gesch\u00e4ftsf\u00fchrer Florian Gomig<\/b><\/p>\n<p>&nbsp;<\/p>\n<p>&nbsp;<\/p>\n<p>&nbsp;<\/p>\n<p><img decoding=\"async\" loading=\"lazy\" width=\"300\" height=\"199\" class=\"alignleft size-medium wp-image-1001\" alt=\"\" src=\"http:\/\/www.gomig-metall.at\/wp-content\/uploads\/2016\/10\/Geleander-gewendelt038-1-300x199.jpg\" srcset=\"http:\/\/www.gomig-metall.at\/wp-content\/uploads\/2016\/10\/Geleander-gewendelt038-1-300x199.jpg 300w, http:\/\/www.gomig-metall.at\/wp-content\/uploads\/2016\/10\/Geleander-gewendelt038-1-768x509.jpg 768w, http:\/\/www.gomig-metall.at\/wp-content\/uploads\/2016\/10\/Geleander-gewendelt038-1.jpg 800w\" sizes=\"(max-width: 300px) 100vw, 300px\" \/><strong>Metallbau\/Edelstahlverarbeitung:<\/strong><\/p>\n<p>Die Verwendung hochwertigster Ausgangsmaterialien und die Verarbeitung&nbsp;auf getrennten&nbsp;Arbeitspl\u00e4tzen und Maschinen garantieren perfekte&nbsp;Ergebnisse&nbsp;in Edelstahl &#8211; gemacht f\u00fcr Generationen!<\/p>\n<p>Egal ob Gel\u00e4nder, Handlauf, Vordach,&nbsp;Sonderkonstruktionen etc. wir bringen Ihre W\u00fcnsche in Form!<\/p>\n<p>&nbsp;<\/p>\n<p>&nbsp;<\/p>\n<p>&nbsp;<\/p>\n<p><b><img decoding=\"async\" loading=\"lazy\" width=\"300\" height=\"199\" class=\"alignleft size-medium wp-image-1568\" alt=\"\" src=\"http:\/\/www.gomig-metall.at\/wp-content\/uploads\/2017\/04\/RohrleitungEder_1-300x199.jpg\"><\/b><b><\/b><i><\/i><u><\/u><\/p>\n<p><strong>Anlagen- und Rohrleitungsbau:<\/strong><\/p>\n<p>Wir fertigen und montieren Rohrsysteme aus Edelstahl f\u00fcr Brauereien, Wasserversorgung und -entsorgung, Pharmazie und Kosmetikindustrie.<\/p>\n<p>Egal ob Neubau oder Reparatur &#8211; wir sind ihr Partner f\u00fcr wirtschaftliche L\u00f6sungen wo Korrosionsbest\u00e4ndigkeit und Hygiene einen hohen Stellenwert einnehmen.<\/p>\n<p>&nbsp;<\/p>\n<p>&nbsp;<\/p>\n<p>&nbsp;<\/p>\n<p><img decoding=\"async\" loading=\"lazy\" width=\"300\" height=\"200\" class=\"alignleft size-medium wp-image-1560\" alt=\"\" src=\"http:\/\/www.gomig-metall.at\/wp-content\/uploads\/2017\/04\/Dornbiegen1-300x200.jpg\"><b><\/b><i><\/i><u><\/u><\/p>\n<p><strong>Rohrbiegeservice in Lienz\/Osttirol:<\/strong><\/p>\n<p>Sie suchen Biegeteile nach&nbsp;Skizze, Zeichnung oder &nbsp;Muster als Einzelst\u00fcck oder Serie, dann freuen wir uns auf ihre Anfrage.<\/p>\n<p>&nbsp;<\/p>\n<p>&nbsp;<\/p>\n<p><b><\/b><i><\/i><u><br \/>\n<\/u><\/p>\n<p>&nbsp;<\/p>\n<p><i><\/i><u><br \/>\n<\/u><\/p>\n<p><i><\/i><u><br \/>\n<\/u><\/p>\n<p><i><\/i><u><br \/>\n<\/u><\/p>\n<p><i><\/i><u><br \/>\n<\/u><\/p>\n<p>&nbsp;<\/p>\n","protected":false},"excerpt":{"rendered":"<p>&nbsp; &nbsp; Wir freuen uns Sie auf unserer Internetseite begr\u00fc\u00dfen zu d\u00fcrfen! &nbsp; &nbsp; Nach jahrelanger T\u00e4tigkeit in der Edelstahlverarbeitung und Rohrleitungsbau&nbsp;im Pharmabereich und&nbsp;Abschluss der Meisterpr\u00fcfung habe ich mich 2011&nbsp;mit der Firma Gomig Metalltechnik in Lienz\/Osttirol selbstst\u00e4ndig gemacht. &nbsp; Wir sind spezialisiert auf Edelstahlverarbeitung, Rohrleitungsbau und&nbsp;Rohrbiegeservice:&nbsp; Das Know-how auf diesen Gebieten, laufende Weiterbildung und der <a href='http:\/\/www.gomig-metall.at\/?page_id=1076' class='excerpt-more'>[&#8230;]<\/a><\/p>\n","protected":false},"author":1,"featured_media":0,"parent":0,"menu_order":2,"comment_status":"closed","ping_status":"closed","template":"","meta":{"ngg_post_thumbnail":0},"_links":{"self":[{"href":"http:\/\/www.gomig-metall.at\/index.php?rest_route=\/wp\/v2\/pages\/1076"}],"collection":[{"href":"http:\/\/www.gomig-metall.at\/index.php?rest_route=\/wp\/v2\/pages"}],"about":[{"href":"http:\/\/www.gomig-metall.at\/index.php?rest_route=\/wp\/v2\/types\/page"}],"author":[{"embeddable":true,"href":"http:\/\/www.gomig-metall.at\/index.php?rest_route=\/wp\/v2\/users\/1"}],"replies":[{"embeddable":true,"href":"http:\/\/www.gomig-metall.at\/index.php?rest_route=%2Fwp%2Fv2%2Fcomments&post=1076"}],"version-history":[{"count":186,"href":"http:\/\/www.gomig-metall.at\/index.php?rest_route=\/wp\/v2\/pages\/1076\/revisions"}],"predecessor-version":[{"id":1729,"href":"http:\/\/www.gomig-metall.at\/index.php?rest_route=\/wp\/v2\/pages\/1076\/revisions\/1729"}],"wp:attachment":[{"href":"http:\/\/www.gomig-metall.at\/index.php?rest_route=%2Fwp%2Fv2%2Fmedia&parent=1076"}],"curies":[{"name":"wp","href":"https:\/\/api.w.org\/{rel}","templated":true}]}}